{"id":107,"date":"2014-11-15T22:12:12","date_gmt":"2014-11-15T21:12:12","guid":{"rendered":"http:\/\/www.naviaship.eu\/pl\/?page_id=107"},"modified":"2015-12-10T20:50:38","modified_gmt":"2015-12-10T19:50:38","slug":"contact","status":"publish","type":"page","link":"https:\/\/www.naviaship.eu\/en\/contact\/","title":{"rendered":"Contact"},"content":{"rendered":"<p><p style=\"text-indent: 0; text-align: center;\"><strong>Company details<\/strong><\/p>\n<p>Navia Sp. z o.o.<\/p>\n<p>Wladyslawa IV St. 34B\/27<\/p>\n<p>81-364 Gdynia, Poland<\/p>\n<p>REGON: 222161300<\/p>\n<p>Tax number: NIP: 586-229-20-61<\/p>\n<p>Registered in: S\u0105d Rejonowy Gda\u0144sk-P\u00f3\u0142noc w Gda\u0144sku, VIII Wydzia\u0142 Gospodarczy Krajowego Rejestru S\u0105dowego<br \/>\nRegistration number: KRS: 0000524164<\/p>\n<p style=\"text-indent: 0; text-align: center;\"><strong>Bank accounts<\/strong><\/p>\n<p>mBank S.A.<\/p>\n<p>PLN: PL\u00a008 1140 2004 0000 3102 7527 5403<\/p>\n<p>EUR: PL 27 1140 2004 0000 3112 0328 2597<\/p>\n<p style=\"text-indent: 0; text-align: center;\"><strong>Contact details<\/strong><\/p>\n<p>www.naviaship.eu<\/p>\n<p>office@naviaship.eu<\/p>\n<p>tel. +48 690 520 220<\/p>\n<p>You can also use the form below to contact us:<\/p>\n\n<div class=\"wpcf7 no-js\" id=\"wpcf7-f113-o1\" lang=\"en-US\" dir=\"ltr\" data-wpcf7-id=\"113\">\n<div class=\"screen-reader-response\"><p role=\"status\" aria-live=\"polite\" aria-atomic=\"true\"><\/p> <ul><\/ul><\/div>\n<form action=\"\/en\/wp-json\/wp\/v2\/pages\/107#wpcf7-f113-o1\" method=\"post\" class=\"wpcf7-form init\" aria-label=\"Contact form\" novalidate=\"novalidate\" data-status=\"init\">\n<div style=\"display: none;\">\n<input type=\"hidden\" name=\"_wpcf7\" value=\"113\" \/>\n<input type=\"hidden\" name=\"_wpcf7_version\" value=\"6.0.3\" \/>\n<input type=\"hidden\" name=\"_wpcf7_locale\" value=\"en_US\" \/>\n<input type=\"hidden\" name=\"_wpcf7_unit_tag\" value=\"wpcf7-f113-o1\" \/>\n<input type=\"hidden\" name=\"_wpcf7_container_post\" value=\"0\" \/>\n<input type=\"hidden\" name=\"_wpcf7_posted_data_hash\" value=\"\" \/>\n<input type=\"hidden\" name=\"_wpcf7_recaptcha_response\" value=\"\" \/>\n<\/div>\n<div style=\"text-align:center;\">\n\t<p>Your Name (required)\n\t<\/p>\n\t<p><span class=\"wpcf7-form-control-wrap\" data-name=\"your-name\"><input size=\"40\" maxlength=\"400\" class=\"wpcf7-form-control wpcf7-text wpcf7-validates-as-required\" aria-required=\"true\" aria-invalid=\"false\" value=\"\" type=\"text\" name=\"your-name\" \/><\/span>\n\t<\/p>\n\t<p>Your Email (required)\n\t<\/p>\n\t<p><span class=\"wpcf7-form-control-wrap\" data-name=\"your-email\"><input size=\"40\" maxlength=\"400\" class=\"wpcf7-form-control wpcf7-email wpcf7-validates-as-required wpcf7-text wpcf7-validates-as-email\" aria-required=\"true\" aria-invalid=\"false\" value=\"\" type=\"email\" name=\"your-email\" \/><\/span>\n\t<\/p>\n\t<p>Subject (required)\n\t<\/p>\n\t<p><span class=\"wpcf7-form-control-wrap\" data-name=\"your-subject\"><input size=\"40\" maxlength=\"400\" class=\"wpcf7-form-control wpcf7-text wpcf7-validates-as-required\" aria-required=\"true\" aria-invalid=\"false\" value=\"\" type=\"text\" name=\"your-subject\" \/><\/span>\n\t<\/p>\n\t<p>Your Message (required)\n\t<\/p>\n\t<p><span class=\"wpcf7-form-control-wrap\" data-name=\"your-message\"><textarea cols=\"40\" rows=\"10\" maxlength=\"2000\" class=\"wpcf7-form-control wpcf7-textarea wpcf7-validates-as-required\" aria-required=\"true\" aria-invalid=\"false\" name=\"your-message\"><\/textarea><\/span>\n\t<\/p>\n\t<p>Prove Your humanity\n\t<\/p>\n\t<p><span class=\"wpcf7-form-control-wrap\" data-name=\"quiz-306\"><label><span class=\"wpcf7-quiz-label\">3 - 1 =<\/span> <input size=\"5\" class=\"wpcf7-form-control wpcf7-quiz\" autocomplete=\"off\" aria-required=\"true\" aria-invalid=\"false\" type=\"text\" name=\"quiz-306\" \/><\/label><input type=\"hidden\" name=\"_wpcf7_quiz_answer_quiz-306\" value=\"0610a2fbb4542d241c798214ede4e26c\" \/><\/span>\n\t<\/p>\n\t<p><input class=\"wpcf7-form-control wpcf7-submit has-spinner\" type=\"submit\" value=\"Send\" \/>\n\t<\/p>\n<\/div><div class=\"wpcf7-response-output\" aria-hidden=\"true\"><\/div>\n<\/form>\n<\/div>\n<\/p>\n","protected":false},"excerpt":{"rendered":"Company details Navia Sp. z o.o. Wladyslawa IV St. 34B\/27 81-364 Gdynia, Poland REGON: 222161300 Tax number: NIP: 586-229-20-61 Registered in: S\u0105d Rejonowy Gda\u0144sk-P\u00f3\u0142noc w Gda\u0144sku, VIII Wydzia\u0142 Gospodarczy Krajowego Rejestru S\u0105dowego Registration number: KRS: 0000524164 Bank accounts mBank S.A. PLN: PL\u00a008 1140 2004 0000 3102 7527 5403 EUR: PL 27 1140 2004 0000 3112&#8230; <a class=\"view-article\" href=\"https:\/\/www.naviaship.eu\/en\/contact\/\">View Article<\/a>","protected":false},"author":1,"featured_media":0,"parent":0,"menu_order":0,"comment_status":"closed","ping_status":"open","template":"","meta":{"footnotes":""},"class_list":["post-107","page","type-page","status-publish","hentry"],"yoast_head":"<!-- This site is optimized with the Yoast SEO plugin v24.3 - https:\/\/yoast.com\/wordpress\/plugins\/seo\/ -->\n<title>Remonty statk\u00f3w, naprawa jacht\u00f3w Gdynia<\/title>\n<meta name=\"robots\" content=\"index, follow, max-snippet:-1, max-image-preview:large, max-video-preview:-1\" \/>\n<link rel=\"canonical\" href=\"https:\/\/www.naviaship.eu\/en\/contact\/\" \/>\n<meta property=\"og:locale\" content=\"en_US\" \/>\n<meta property=\"og:type\" content=\"article\" \/>\n<meta property=\"og:title\" content=\"Remonty statk\u00f3w, naprawa jacht\u00f3w Gdynia\" \/>\n<meta property=\"og:description\" content=\"Company details Navia Sp. z o.o. Wladyslawa IV St. 34B\/27 81-364 Gdynia, Poland REGON: 222161300 Tax number: NIP: 586-229-20-61 Registered in: S\u0105d Rejonowy Gda\u0144sk-P\u00f3\u0142noc w Gda\u0144sku, VIII Wydzia\u0142 Gospodarczy Krajowego Rejestru S\u0105dowego Registration number: KRS: 0000524164 Bank accounts mBank S.A. PLN: PL\u00a008 1140 2004 0000 3102 7527 5403 EUR: PL 27 1140 2004 0000 3112... View Article\" \/>\n<meta property=\"og:url\" content=\"https:\/\/www.naviaship.eu\/en\/contact\/\" \/>\n<meta property=\"og:site_name\" content=\"Navia Sp. z o.o. &ndash; ship refit, maintenance and repair.\" \/>\n<meta property=\"article:modified_time\" content=\"2015-12-10T19:50:38+00:00\" \/>\n<meta name=\"twitter:label1\" content=\"Est. reading time\" \/>\n\t<meta name=\"twitter:data1\" content=\"1 minute\" \/>\n<script type=\"application\/ld+json\" class=\"yoast-schema-graph\">{\"@context\":\"https:\/\/schema.org\",\"@graph\":[{\"@type\":\"WebPage\",\"@id\":\"https:\/\/www.naviaship.eu\/en\/contact\/\",\"url\":\"https:\/\/www.naviaship.eu\/en\/contact\/\",\"name\":\"Remonty statk\u00f3w, naprawa jacht\u00f3w Gdynia\",\"isPartOf\":{\"@id\":\"https:\/\/www.naviaship.eu\/en\/#website\"},\"datePublished\":\"2014-11-15T21:12:12+00:00\",\"dateModified\":\"2015-12-10T19:50:38+00:00\",\"breadcrumb\":{\"@id\":\"https:\/\/www.naviaship.eu\/en\/contact\/#breadcrumb\"},\"inLanguage\":\"en-US\",\"potentialAction\":[{\"@type\":\"ReadAction\",\"target\":[\"https:\/\/www.naviaship.eu\/en\/contact\/\"]}]},{\"@type\":\"BreadcrumbList\",\"@id\":\"https:\/\/www.naviaship.eu\/en\/contact\/#breadcrumb\",\"itemListElement\":[{\"@type\":\"ListItem\",\"position\":1,\"name\":\"Strona g\u0142\u00f3wna\",\"item\":\"https:\/\/www.naviaship.eu\/en\/\"},{\"@type\":\"ListItem\",\"position\":2,\"name\":\"Contact\"}]},{\"@type\":\"WebSite\",\"@id\":\"https:\/\/www.naviaship.eu\/en\/#website\",\"url\":\"https:\/\/www.naviaship.eu\/en\/\",\"name\":\"Navia Sp. z o.o. &ndash; ship refit, maintenance and repair.\",\"description\":\"Website of shipyard company Navia Sp. z o.o. - ship and yachts refit, maintenance and repair\",\"potentialAction\":[{\"@type\":\"SearchAction\",\"target\":{\"@type\":\"EntryPoint\",\"urlTemplate\":\"https:\/\/www.naviaship.eu\/en\/?s={search_term_string}\"},\"query-input\":{\"@type\":\"PropertyValueSpecification\",\"valueRequired\":true,\"valueName\":\"search_term_string\"}}],\"inLanguage\":\"en-US\"}]}<\/script>\n<!-- \/ Yoast SEO plugin. -->","yoast_head_json":{"title":"Remonty statk\u00f3w, naprawa jacht\u00f3w Gdynia","robots":{"index":"index","follow":"follow","max-snippet":"max-snippet:-1","max-image-preview":"max-image-preview:large","max-video-preview":"max-video-preview:-1"},"canonical":"https:\/\/www.naviaship.eu\/en\/contact\/","og_locale":"en_US","og_type":"article","og_title":"Remonty statk\u00f3w, naprawa jacht\u00f3w Gdynia","og_description":"Company details Navia Sp. z o.o. Wladyslawa IV St. 34B\/27 81-364 Gdynia, Poland REGON: 222161300 Tax number: NIP: 586-229-20-61 Registered in: S\u0105d Rejonowy Gda\u0144sk-P\u00f3\u0142noc w Gda\u0144sku, VIII Wydzia\u0142 Gospodarczy Krajowego Rejestru S\u0105dowego Registration number: KRS: 0000524164 Bank accounts mBank S.A. PLN: PL\u00a008 1140 2004 0000 3102 7527 5403 EUR: PL 27 1140 2004 0000 3112... View Article","og_url":"https:\/\/www.naviaship.eu\/en\/contact\/","og_site_name":"Navia Sp. z o.o. &ndash; ship refit, maintenance and repair.","article_modified_time":"2015-12-10T19:50:38+00:00","twitter_misc":{"Est. reading time":"1 minute"},"schema":{"@context":"https:\/\/schema.org","@graph":[{"@type":"WebPage","@id":"https:\/\/www.naviaship.eu\/en\/contact\/","url":"https:\/\/www.naviaship.eu\/en\/contact\/","name":"Remonty statk\u00f3w, naprawa jacht\u00f3w Gdynia","isPartOf":{"@id":"https:\/\/www.naviaship.eu\/en\/#website"},"datePublished":"2014-11-15T21:12:12+00:00","dateModified":"2015-12-10T19:50:38+00:00","breadcrumb":{"@id":"https:\/\/www.naviaship.eu\/en\/contact\/#breadcrumb"},"inLanguage":"en-US","potentialAction":[{"@type":"ReadAction","target":["https:\/\/www.naviaship.eu\/en\/contact\/"]}]},{"@type":"BreadcrumbList","@id":"https:\/\/www.naviaship.eu\/en\/contact\/#breadcrumb","itemListElement":[{"@type":"ListItem","position":1,"name":"Strona g\u0142\u00f3wna","item":"https:\/\/www.naviaship.eu\/en\/"},{"@type":"ListItem","position":2,"name":"Contact"}]},{"@type":"WebSite","@id":"https:\/\/www.naviaship.eu\/en\/#website","url":"https:\/\/www.naviaship.eu\/en\/","name":"Navia Sp. z o.o. &ndash; ship refit, maintenance and repair.","description":"Website of shipyard company Navia Sp. z o.o. - ship and yachts refit, maintenance and repair","potentialAction":[{"@type":"SearchAction","target":{"@type":"EntryPoint","urlTemplate":"https:\/\/www.naviaship.eu\/en\/?s={search_term_string}"},"query-input":{"@type":"PropertyValueSpecification","valueRequired":true,"valueName":"search_term_string"}}],"inLanguage":"en-US"}]}},"_links":{"self":[{"href":"https:\/\/www.naviaship.eu\/en\/wp-json\/wp\/v2\/pages\/107","targetHints":{"allow":["GET"]}}],"collection":[{"href":"https:\/\/www.naviaship.eu\/en\/wp-json\/wp\/v2\/pages"}],"about":[{"href":"https:\/\/www.naviaship.eu\/en\/wp-json\/wp\/v2\/types\/page"}],"author":[{"embeddable":true,"href":"https:\/\/www.naviaship.eu\/en\/wp-json\/wp\/v2\/users\/1"}],"replies":[{"embeddable":true,"href":"https:\/\/www.naviaship.eu\/en\/wp-json\/wp\/v2\/comments?post=107"}],"version-history":[{"count":39,"href":"https:\/\/www.naviaship.eu\/en\/wp-json\/wp\/v2\/pages\/107\/revisions"}],"predecessor-version":[{"id":459,"href":"https:\/\/www.naviaship.eu\/en\/wp-json\/wp\/v2\/pages\/107\/revisions\/459"}],"wp:attachment":[{"href":"https:\/\/www.naviaship.eu\/en\/wp-json\/wp\/v2\/media?parent=107"}],"curies":[{"name":"wp","href":"https:\/\/api.w.org\/{rel}","templated":true}]}}