{"id":98,"date":"2014-11-15T21:25:50","date_gmt":"2014-11-15T20:25:50","guid":{"rendered":"http:\/\/navialtd.pl\/pl\/?page_id=98"},"modified":"2015-09-11T14:29:41","modified_gmt":"2015-09-11T12:29:41","slug":"offer","status":"publish","type":"page","link":"https:\/\/www.naviaship.eu\/en\/offer\/","title":{"rendered":"Offer"},"content":{"rendered":"<p><p>Our company provides shipyard services and maintenance works to all kinds of vessels from small recreational craft to large commercial ships. Thanks to our extensive experience we are able to perform complex refits including those for ship\u2019s class renewal. Apart from our own technical base we continuously cooperate with respected and adequately licensed professional subcontractors. We believe in partnership with our co-workers, because this way we can comprehensively manage even the most complex projects. Even though we are based in Poland, our offer includes providing ship services in foreign countries.<\/p>\n<p>The detailed list of services offered is:<\/p>\n\n<div class=\"sp-wrap sp-wrap-default\">\n<div class=\"sp-head\" title=\"Expand\">\nMarine electrics and automatics\n<\/div>\n<div class=\"sp-body folded\">\n<\/p>\n<ul>\n<li>design and development of ship\u2019s electricity network;<\/li>\n<li>diagnostics and repair of faults;<\/li>\n<li>creation of energy balances;<\/li>\n<li>selection of power devices;<\/li>\n<li>cable laying, creation of cable tracks.<\/li>\n<\/ul>\n<p>\n<div class=\"spdiv\">[collapse]<\/div>\n<\/div>\n<\/div>\n\n\n<div class=\"sp-wrap sp-wrap-default\">\n<div class=\"sp-head\" title=\"Expand\">\nRust removal \u2013 cleaning and grinding of metal surfaces\n<\/div>\n<div class=\"sp-body folded\">\n<\/p>\n<ul>\n<li>mechanical rust removal with pneumatic hammers and angle grinders;<\/li>\n<li>abrasive blasting rust removal \u2013 sandblasting of large surfaces, pipes, angle bars and other elements of equipment;<\/li>\n<li>hydrodynamic high-pressure rust removal (water jetting).<\/li>\n<\/ul>\n<p>\n<div class=\"spdiv\">[collapse]<\/div>\n<\/div>\n<\/div>\n\n\n<div class=\"sp-wrap sp-wrap-default\">\n<div class=\"sp-head\" title=\"Expand\">\nInstallation of Georg Fisher pipe systems\n<\/div>\n<div class=\"sp-body folded\">\n<\/p>\n<p style=\"text-align: justify; text-indent: 50px;\">Heat sealed systems (polypropylene), glued systems (polyvinyl chloride) and other. It is possible to use materials resistant to chemicals and high temperature. The product has been allowed to be used on ships and is well known and recommended by leading classification authorities. The following components can be used in the above mentioned technologies:<\/p>\n<ul>\n<li>pipes, including transparent pipes;<\/li>\n<li>fittings and couplings, both threaded and transitional;<\/li>\n<li>elements of flange connections;<\/li>\n<li>ball valves and butterfly valves controlled manually and automatically;<\/li>\n<li>diaphragm valves, angle valves and reverse valves;<\/li>\n<li>filters and control-measurement equipment.<\/li>\n<\/ul>\n<p>\n<div class=\"spdiv\">[collapse]<\/div>\n<\/div>\n<\/div>\n\n\n<div class=\"sp-wrap sp-wrap-default\">\n<div class=\"sp-head\" title=\"Expand\">\nHull works\n<\/div>\n<div class=\"sp-body folded\">\n<\/p>\n<ul>\n<li>measuring hull thickness;<\/li>\n<li>examination of welds;<\/li>\n<li>painting;<\/li>\n<li>minor welding;<\/li>\n<li>minor metal works.<\/li>\n<\/ul>\n<p>\n<div class=\"spdiv\">[collapse]<\/div>\n<\/div>\n<\/div>\n\n\n<div class=\"sp-wrap sp-wrap-default\">\n<div class=\"sp-head\" title=\"Expand\">\nEngineering\n<\/div>\n<div class=\"sp-body folded\">\n<\/p>\n<ul>\n<li>repair and maintenance of machinery and devices;<\/li>\n<li>diagnostics;<\/li>\n<li>current servicing of mechanisms.<\/li>\n<\/ul>\n<p>\n<div class=\"spdiv\">[collapse]<\/div>\n<\/div>\n<\/div>\n\n\n<div class=\"sp-wrap sp-wrap-default\">\n<div class=\"sp-head\" title=\"Expand\">\nDemolition, assembly, maintenance and cleaning\n<\/div>\n<div class=\"sp-body folded\">\n<\/p>\n<ul>\n<li>cleaning docks, decks and below-deck areas;<\/li>\n<li>cleaning of tanks, engineroom and cargo holds;<\/li>\n<li>dismantling and demolition works.<\/li>\n<\/ul>\n<p>\n<div class=\"spdiv\">[collapse]<\/div>\n<\/div>\n<\/div>\n\n\n<div class=\"sp-wrap sp-wrap-default\">\n<div class=\"sp-head\" title=\"Expand\">\nRemonty jacht\u00f3w i us\u0142ugi szkutnicze\n<\/div>\n<div class=\"sp-body folded\">\n<\/p>\n<ul>\n<li>yacht repair and maintenance;<\/li>\n<li>wooden hull refits;<\/li>\n<li>traditional boatbuilding;<\/li>\n<li>fiberglass hull repair;<\/li>\n<li>laminating works;<\/li>\n<li>interior design and construction;<\/li>\n<li>exotic timber decks;<\/li>\n<li>yacht transportation and delivery.<\/li>\n<\/ul>\n<p>\n<div class=\"spdiv\">[collapse]<\/div>\n<\/div>\n<\/div>\n<\/p>\n","protected":false},"excerpt":{"rendered":"Our company provides shipyard services and maintenance works to all kinds of vessels from small recreational craft to large commercial ships. Thanks to our extensive experience we are able to perform complex refits including those for ship\u2019s class renewal. Apart from our own technical base we continuously cooperate with respected and adequately licensed professional subcontractors&#8230;. <a class=\"view-article\" href=\"https:\/\/www.naviaship.eu\/en\/offer\/\">View Article<\/a>","protected":false},"author":2,"featured_media":0,"parent":0,"menu_order":0,"comment_status":"closed","ping_status":"open","template":"","meta":{"footnotes":""},"class_list":["post-98","page","type-page","status-publish","hentry"],"yoast_head":"<!-- This site is optimized with the Yoast SEO plugin v24.3 - https:\/\/yoast.com\/wordpress\/plugins\/seo\/ -->\n<title>Remonty statk\u00f3w - Oferta - Navia<\/title>\n<meta name=\"description\" content=\"Nasza firma zajmuje si\u0119 pracami stoczniowymi oraz konserwacyjnymi na jednostkach p\u0142ywaj\u0105cych ka\u017cdego typu...\" \/>\n<meta name=\"robots\" content=\"index, follow, max-snippet:-1, max-image-preview:large, max-video-preview:-1\" \/>\n<link rel=\"canonical\" href=\"https:\/\/www.naviaship.eu\/en\/offer\/\" \/>\n<meta property=\"og:locale\" content=\"en_US\" \/>\n<meta property=\"og:type\" content=\"article\" \/>\n<meta property=\"og:title\" content=\"Remonty statk\u00f3w - Oferta - Navia\" \/>\n<meta property=\"og:description\" content=\"Nasza firma zajmuje si\u0119 pracami stoczniowymi oraz konserwacyjnymi na jednostkach p\u0142ywaj\u0105cych ka\u017cdego typu...\" \/>\n<meta property=\"og:url\" content=\"https:\/\/www.naviaship.eu\/en\/offer\/\" \/>\n<meta property=\"og:site_name\" content=\"Navia Sp. z o.o. &ndash; ship refit, maintenance and repair.\" \/>\n<meta property=\"article:modified_time\" content=\"2015-09-11T12:29:41+00:00\" \/>\n<meta name=\"twitter:label1\" content=\"Est. reading time\" \/>\n\t<meta name=\"twitter:data1\" content=\"6 minutes\" \/>\n<script type=\"application\/ld+json\" class=\"yoast-schema-graph\">{\"@context\":\"https:\/\/schema.org\",\"@graph\":[{\"@type\":\"WebPage\",\"@id\":\"https:\/\/www.naviaship.eu\/en\/offer\/\",\"url\":\"https:\/\/www.naviaship.eu\/en\/offer\/\",\"name\":\"Remonty statk\u00f3w - Oferta - Navia\",\"isPartOf\":{\"@id\":\"https:\/\/www.naviaship.eu\/en\/#website\"},\"datePublished\":\"2014-11-15T20:25:50+00:00\",\"dateModified\":\"2015-09-11T12:29:41+00:00\",\"description\":\"Nasza firma zajmuje si\u0119 pracami stoczniowymi oraz konserwacyjnymi na jednostkach p\u0142ywaj\u0105cych ka\u017cdego typu...\",\"breadcrumb\":{\"@id\":\"https:\/\/www.naviaship.eu\/en\/offer\/#breadcrumb\"},\"inLanguage\":\"en-US\",\"potentialAction\":[{\"@type\":\"ReadAction\",\"target\":[\"https:\/\/www.naviaship.eu\/en\/offer\/\"]}]},{\"@type\":\"BreadcrumbList\",\"@id\":\"https:\/\/www.naviaship.eu\/en\/offer\/#breadcrumb\",\"itemListElement\":[{\"@type\":\"ListItem\",\"position\":1,\"name\":\"Strona g\u0142\u00f3wna\",\"item\":\"https:\/\/www.naviaship.eu\/en\/\"},{\"@type\":\"ListItem\",\"position\":2,\"name\":\"Offer\"}]},{\"@type\":\"WebSite\",\"@id\":\"https:\/\/www.naviaship.eu\/en\/#website\",\"url\":\"https:\/\/www.naviaship.eu\/en\/\",\"name\":\"Navia Sp. z o.o. &ndash; ship refit, maintenance and repair.\",\"description\":\"Website of shipyard company Navia Sp. z o.o. - ship and yachts refit, maintenance and repair\",\"potentialAction\":[{\"@type\":\"SearchAction\",\"target\":{\"@type\":\"EntryPoint\",\"urlTemplate\":\"https:\/\/www.naviaship.eu\/en\/?s={search_term_string}\"},\"query-input\":{\"@type\":\"PropertyValueSpecification\",\"valueRequired\":true,\"valueName\":\"search_term_string\"}}],\"inLanguage\":\"en-US\"}]}<\/script>\n<!-- \/ Yoast SEO plugin. -->","yoast_head_json":{"title":"Remonty statk\u00f3w - Oferta - Navia","description":"Nasza firma zajmuje si\u0119 pracami stoczniowymi oraz konserwacyjnymi na jednostkach p\u0142ywaj\u0105cych ka\u017cdego typu...","robots":{"index":"index","follow":"follow","max-snippet":"max-snippet:-1","max-image-preview":"max-image-preview:large","max-video-preview":"max-video-preview:-1"},"canonical":"https:\/\/www.naviaship.eu\/en\/offer\/","og_locale":"en_US","og_type":"article","og_title":"Remonty statk\u00f3w - Oferta - Navia","og_description":"Nasza firma zajmuje si\u0119 pracami stoczniowymi oraz konserwacyjnymi na jednostkach p\u0142ywaj\u0105cych ka\u017cdego typu...","og_url":"https:\/\/www.naviaship.eu\/en\/offer\/","og_site_name":"Navia Sp. z o.o. &ndash; ship refit, maintenance and repair.","article_modified_time":"2015-09-11T12:29:41+00:00","twitter_misc":{"Est. reading time":"6 minutes"},"schema":{"@context":"https:\/\/schema.org","@graph":[{"@type":"WebPage","@id":"https:\/\/www.naviaship.eu\/en\/offer\/","url":"https:\/\/www.naviaship.eu\/en\/offer\/","name":"Remonty statk\u00f3w - Oferta - Navia","isPartOf":{"@id":"https:\/\/www.naviaship.eu\/en\/#website"},"datePublished":"2014-11-15T20:25:50+00:00","dateModified":"2015-09-11T12:29:41+00:00","description":"Nasza firma zajmuje si\u0119 pracami stoczniowymi oraz konserwacyjnymi na jednostkach p\u0142ywaj\u0105cych ka\u017cdego typu...","breadcrumb":{"@id":"https:\/\/www.naviaship.eu\/en\/offer\/#breadcrumb"},"inLanguage":"en-US","potentialAction":[{"@type":"ReadAction","target":["https:\/\/www.naviaship.eu\/en\/offer\/"]}]},{"@type":"BreadcrumbList","@id":"https:\/\/www.naviaship.eu\/en\/offer\/#breadcrumb","itemListElement":[{"@type":"ListItem","position":1,"name":"Strona g\u0142\u00f3wna","item":"https:\/\/www.naviaship.eu\/en\/"},{"@type":"ListItem","position":2,"name":"Offer"}]},{"@type":"WebSite","@id":"https:\/\/www.naviaship.eu\/en\/#website","url":"https:\/\/www.naviaship.eu\/en\/","name":"Navia Sp. z o.o. &ndash; ship refit, maintenance and repair.","description":"Website of shipyard company Navia Sp. z o.o. - ship and yachts refit, maintenance and repair","potentialAction":[{"@type":"SearchAction","target":{"@type":"EntryPoint","urlTemplate":"https:\/\/www.naviaship.eu\/en\/?s={search_term_string}"},"query-input":{"@type":"PropertyValueSpecification","valueRequired":true,"valueName":"search_term_string"}}],"inLanguage":"en-US"}]}},"_links":{"self":[{"href":"https:\/\/www.naviaship.eu\/en\/wp-json\/wp\/v2\/pages\/98","targetHints":{"allow":["GET"]}}],"collection":[{"href":"https:\/\/www.naviaship.eu\/en\/wp-json\/wp\/v2\/pages"}],"about":[{"href":"https:\/\/www.naviaship.eu\/en\/wp-json\/wp\/v2\/types\/page"}],"author":[{"embeddable":true,"href":"https:\/\/www.naviaship.eu\/en\/wp-json\/wp\/v2\/users\/2"}],"replies":[{"embeddable":true,"href":"https:\/\/www.naviaship.eu\/en\/wp-json\/wp\/v2\/comments?post=98"}],"version-history":[{"count":30,"href":"https:\/\/www.naviaship.eu\/en\/wp-json\/wp\/v2\/pages\/98\/revisions"}],"predecessor-version":[{"id":448,"href":"https:\/\/www.naviaship.eu\/en\/wp-json\/wp\/v2\/pages\/98\/revisions\/448"}],"wp:attachment":[{"href":"https:\/\/www.naviaship.eu\/en\/wp-json\/wp\/v2\/media?parent=98"}],"curies":[{"name":"wp","href":"https:\/\/api.w.org\/{rel}","templated":true}]}}