{"id":451,"date":"2015-11-29T10:39:39","date_gmt":"2015-11-29T09:39:39","guid":{"rendered":"http:\/\/www.naviaship.eu\/pl\/?page_id=451"},"modified":"2015-11-29T11:22:33","modified_gmt":"2015-11-29T10:22:33","slug":"vetus","status":"publish","type":"page","link":"https:\/\/www.naviaship.eu\/pl\/vetus\/","title":{"rendered":"Vetus"},"content":{"rendered":"<p>Nasza firma jest\u00a0Dealerem firmy Vetus. Mo\u017cecie Pa\u0144stwo liczy\u0107 u nas na konkurencyjne ceny.<\/p>\n<p><a href=\"http:\/\/www.naviaship.eu\/wp-content\/uploads\/2015\/11\/vetus.png\"><img loading=\"lazy\" decoding=\"async\" class=\"alignnone  wp-image-456\" src=\"http:\/\/www.naviaship.eu\/wp-content\/uploads\/2015\/11\/vetus-250x55.png\" alt=\"vetus\" width=\"309\" height=\"68\" srcset=\"https:\/\/www.naviaship.eu\/wp-content\/uploads\/2015\/11\/vetus-250x55.png 250w, https:\/\/www.naviaship.eu\/wp-content\/uploads\/2015\/11\/vetus-700x156.png 700w, https:\/\/www.naviaship.eu\/wp-content\/uploads\/2015\/11\/vetus-120x26.png 120w\" sizes=\"auto, (max-width: 309px) 100vw, 309px\" \/><\/a><\/p>\n<p>Zach\u0119camy do zapoznania si\u0119 z <a title=\"Katalog\" href=\"http:\/\/http:\/\/www.vetus.com\/catalog_info\" target=\"_blank\">KATALOGIEM<\/a><\/p>\n<p>i kontaktu z nasz\u0105 firm\u0105:<\/p>\n<p>tel. +48 690 520 220<\/p>\n<p>vetus@naviaship.eu<\/p>\n","protected":false},"excerpt":{"rendered":"Nasza firma jest\u00a0Dealerem firmy Vetus. Mo\u017cecie Pa\u0144stwo liczy\u0107 u nas na konkurencyjne ceny. Zach\u0119camy do zapoznania si\u0119 z KATALOGIEM i kontaktu z nasz\u0105 firm\u0105: tel. +48 690 520 220 vetus@naviaship.eu","protected":false},"author":3,"featured_media":0,"parent":0,"menu_order":0,"comment_status":"closed","ping_status":"open","template":"","meta":{"footnotes":""},"class_list":["post-451","page","type-page","status-publish","hentry"],"yoast_head":"<!-- This site is optimized with the Yoast SEO plugin v24.3 - https:\/\/yoast.com\/wordpress\/plugins\/seo\/ -->\n<title>Vetus<\/title>\n<meta name=\"robots\" content=\"index, follow, max-snippet:-1, max-image-preview:large, max-video-preview:-1\" \/>\n<link rel=\"canonical\" href=\"http:\/\/www.naviaship.eu\/en\/vetus\/\" \/>\n<meta property=\"og:locale\" content=\"pl_PL\" \/>\n<meta property=\"og:type\" content=\"article\" \/>\n<meta property=\"og:title\" content=\"Vetus\" \/>\n<meta property=\"og:description\" content=\"Nasza firma jest\u00a0Dealerem firmy Vetus. Mo\u017cecie Pa\u0144stwo liczy\u0107 u nas na konkurencyjne ceny. Zach\u0119camy do zapoznania si\u0119 z KATALOGIEM i kontaktu z nasz\u0105 firm\u0105: tel. +48 690 520 220 vetus@naviaship.eu\" \/>\n<meta property=\"og:url\" content=\"http:\/\/www.naviaship.eu\/en\/vetus\/\" \/>\n<meta property=\"og:site_name\" content=\"Navia Sp. z o.o. - Remonty statk&oacute;w, naprawa jacht&oacute;w Gdynia\" \/>\n<meta property=\"article:modified_time\" content=\"2015-11-29T10:22:33+00:00\" \/>\n<meta property=\"og:image\" content=\"http:\/\/www.naviaship.eu\/wp-content\/uploads\/2015\/11\/vetus-250x55.png\" \/>\n<script type=\"application\/ld+json\" class=\"yoast-schema-graph\">{\"@context\":\"https:\/\/schema.org\",\"@graph\":[{\"@type\":\"WebPage\",\"@id\":\"http:\/\/www.naviaship.eu\/en\/vetus\/\",\"url\":\"http:\/\/www.naviaship.eu\/en\/vetus\/\",\"name\":\"Vetus\",\"isPartOf\":{\"@id\":\"https:\/\/www.naviaship.eu\/no\/#website\"},\"primaryImageOfPage\":{\"@id\":\"http:\/\/www.naviaship.eu\/en\/vetus\/#primaryimage\"},\"image\":{\"@id\":\"http:\/\/www.naviaship.eu\/en\/vetus\/#primaryimage\"},\"thumbnailUrl\":\"http:\/\/www.naviaship.eu\/wp-content\/uploads\/2015\/11\/vetus-250x55.png\",\"datePublished\":\"2015-11-29T09:39:39+00:00\",\"dateModified\":\"2015-11-29T10:22:33+00:00\",\"breadcrumb\":{\"@id\":\"http:\/\/www.naviaship.eu\/en\/vetus\/#breadcrumb\"},\"inLanguage\":\"pl-PL\",\"potentialAction\":[{\"@type\":\"ReadAction\",\"target\":[\"http:\/\/www.naviaship.eu\/en\/vetus\/\"]}]},{\"@type\":\"ImageObject\",\"inLanguage\":\"pl-PL\",\"@id\":\"http:\/\/www.naviaship.eu\/en\/vetus\/#primaryimage\",\"url\":\"http:\/\/www.naviaship.eu\/wp-content\/uploads\/2015\/11\/vetus-250x55.png\",\"contentUrl\":\"http:\/\/www.naviaship.eu\/wp-content\/uploads\/2015\/11\/vetus-250x55.png\"},{\"@type\":\"BreadcrumbList\",\"@id\":\"http:\/\/www.naviaship.eu\/en\/vetus\/#breadcrumb\",\"itemListElement\":[{\"@type\":\"ListItem\",\"position\":1,\"name\":\"Strona g\u0142\u00f3wna\",\"item\":\"https:\/\/www.naviaship.eu\/no\/\"},{\"@type\":\"ListItem\",\"position\":2,\"name\":\"Vetus\"}]},{\"@type\":\"WebSite\",\"@id\":\"https:\/\/www.naviaship.eu\/no\/#website\",\"url\":\"https:\/\/www.naviaship.eu\/no\/\",\"name\":\"Navia Sp. z o.o. - Remonty statk&oacute;w, naprawa jacht&oacute;w Gdynia\",\"description\":\"Strona internetowa firmy stoczniowej Navia Sp. z o.o. - Remonty statk&oacute;w i jacht&oacute;w, prace konserwacyjno-remontowe jednostek p\u0142ywaj\u0105cych\",\"potentialAction\":[{\"@type\":\"SearchAction\",\"target\":{\"@type\":\"EntryPoint\",\"urlTemplate\":\"https:\/\/www.naviaship.eu\/no\/?s={search_term_string}\"},\"query-input\":{\"@type\":\"PropertyValueSpecification\",\"valueRequired\":true,\"valueName\":\"search_term_string\"}}],\"inLanguage\":\"pl-PL\"}]}<\/script>\n<!-- \/ Yoast SEO plugin. -->","yoast_head_json":{"title":"Vetus","robots":{"index":"index","follow":"follow","max-snippet":"max-snippet:-1","max-image-preview":"max-image-preview:large","max-video-preview":"max-video-preview:-1"},"canonical":"http:\/\/www.naviaship.eu\/en\/vetus\/","og_locale":"pl_PL","og_type":"article","og_title":"Vetus","og_description":"Nasza firma jest\u00a0Dealerem firmy Vetus. Mo\u017cecie Pa\u0144stwo liczy\u0107 u nas na konkurencyjne ceny. Zach\u0119camy do zapoznania si\u0119 z KATALOGIEM i kontaktu z nasz\u0105 firm\u0105: tel. +48 690 520 220 vetus@naviaship.eu","og_url":"http:\/\/www.naviaship.eu\/en\/vetus\/","og_site_name":"Navia Sp. z o.o. - Remonty statk&oacute;w, naprawa jacht&oacute;w Gdynia","article_modified_time":"2015-11-29T10:22:33+00:00","og_image":[{"url":"http:\/\/www.naviaship.eu\/wp-content\/uploads\/2015\/11\/vetus-250x55.png","type":"","width":"","height":""}],"schema":{"@context":"https:\/\/schema.org","@graph":[{"@type":"WebPage","@id":"http:\/\/www.naviaship.eu\/en\/vetus\/","url":"http:\/\/www.naviaship.eu\/en\/vetus\/","name":"Vetus","isPartOf":{"@id":"https:\/\/www.naviaship.eu\/no\/#website"},"primaryImageOfPage":{"@id":"http:\/\/www.naviaship.eu\/en\/vetus\/#primaryimage"},"image":{"@id":"http:\/\/www.naviaship.eu\/en\/vetus\/#primaryimage"},"thumbnailUrl":"http:\/\/www.naviaship.eu\/wp-content\/uploads\/2015\/11\/vetus-250x55.png","datePublished":"2015-11-29T09:39:39+00:00","dateModified":"2015-11-29T10:22:33+00:00","breadcrumb":{"@id":"http:\/\/www.naviaship.eu\/en\/vetus\/#breadcrumb"},"inLanguage":"pl-PL","potentialAction":[{"@type":"ReadAction","target":["http:\/\/www.naviaship.eu\/en\/vetus\/"]}]},{"@type":"ImageObject","inLanguage":"pl-PL","@id":"http:\/\/www.naviaship.eu\/en\/vetus\/#primaryimage","url":"http:\/\/www.naviaship.eu\/wp-content\/uploads\/2015\/11\/vetus-250x55.png","contentUrl":"http:\/\/www.naviaship.eu\/wp-content\/uploads\/2015\/11\/vetus-250x55.png"},{"@type":"BreadcrumbList","@id":"http:\/\/www.naviaship.eu\/en\/vetus\/#breadcrumb","itemListElement":[{"@type":"ListItem","position":1,"name":"Strona g\u0142\u00f3wna","item":"https:\/\/www.naviaship.eu\/no\/"},{"@type":"ListItem","position":2,"name":"Vetus"}]},{"@type":"WebSite","@id":"https:\/\/www.naviaship.eu\/no\/#website","url":"https:\/\/www.naviaship.eu\/no\/","name":"Navia Sp. z o.o. - Remonty statk&oacute;w, naprawa jacht&oacute;w Gdynia","description":"Strona internetowa firmy stoczniowej Navia Sp. z o.o. - Remonty statk&oacute;w i jacht&oacute;w, prace konserwacyjno-remontowe jednostek p\u0142ywaj\u0105cych","potentialAction":[{"@type":"SearchAction","target":{"@type":"EntryPoint","urlTemplate":"https:\/\/www.naviaship.eu\/no\/?s={search_term_string}"},"query-input":{"@type":"PropertyValueSpecification","valueRequired":true,"valueName":"search_term_string"}}],"inLanguage":"pl-PL"}]}},"_links":{"self":[{"href":"https:\/\/www.naviaship.eu\/pl\/wp-json\/wp\/v2\/pages\/451","targetHints":{"allow":["GET"]}}],"collection":[{"href":"https:\/\/www.naviaship.eu\/pl\/wp-json\/wp\/v2\/pages"}],"about":[{"href":"https:\/\/www.naviaship.eu\/pl\/wp-json\/wp\/v2\/types\/page"}],"author":[{"embeddable":true,"href":"https:\/\/www.naviaship.eu\/pl\/wp-json\/wp\/v2\/users\/3"}],"replies":[{"embeddable":true,"href":"https:\/\/www.naviaship.eu\/pl\/wp-json\/wp\/v2\/comments?post=451"}],"version-history":[{"count":4,"href":"https:\/\/www.naviaship.eu\/pl\/wp-json\/wp\/v2\/pages\/451\/revisions"}],"predecessor-version":[{"id":453,"href":"https:\/\/www.naviaship.eu\/pl\/wp-json\/wp\/v2\/pages\/451\/revisions\/453"}],"wp:attachment":[{"href":"https:\/\/www.naviaship.eu\/pl\/wp-json\/wp\/v2\/media?parent=451"}],"curies":[{"name":"wp","href":"https:\/\/api.w.org\/{rel}","templated":true}]}}