{"id":67,"date":"2014-11-15T16:09:31","date_gmt":"2014-11-15T15:09:31","guid":{"rendered":"http:\/\/navialtd.pl\/en\/?page_id=67"},"modified":"2015-08-24T10:19:13","modified_gmt":"2015-08-24T08:19:13","slug":"about-us","status":"publish","type":"page","link":"https:\/\/www.naviaship.eu\/pl\/o-nas\/","title":{"rendered":"O nas"},"content":{"rendered":"<p><strong>Navia Sp. z o.o.<\/strong> jest polsk\u0105 firm\u0105 specjalizuj\u0105c\u0105 si\u0119 w szeroko poj\u0119tych pracach stoczniowych. Zakres wykonywanych us\u0142ug obejmuje m.in. prace remontowe, konserwacyjne oraz naprawcze jednostek p\u0142ywaj\u0105cych wszelkiego typu, zar\u00f3wno w kraju jak i za granic\u0105. Wykszta\u0142cenie techniczne, liczne kursy i szkolenia, wieloletnie do\u015bwiadczenie w bran\u017cy morskiej, a tak\u017ce sta\u0142a ch\u0119\u0107 rozwoju i podnoszenia kwalifikacji w\u015br\u00f3d naszych pracownik\u00f3w pozwalaj\u0105 nam zaproponowa\u0107 Pa\u0144stwu szeroki wachlarz us\u0142ug na najwy\u017cszym poziomie.<\/p>\n<p><img loading=\"lazy\" decoding=\"async\" class=\"aligncenter wp-image-92\" src=\"http:\/\/naviaship.eu\/wp-content\/uploads\/2014\/11\/logo-250x156.png\" alt=\"logo\" width=\"200\" height=\"125\" \/><\/p>\n<p style=\"text-align: center; text-indent: 0;\">Serdecznie zapraszamy do zapoznania si\u0119 z <a title=\"Oferta\" href=\"http:\/\/www.naviaship.eu\/pl\/oferta\/\">nasz\u0105 ofert\u0105<\/a>.<\/p>\n","protected":false},"excerpt":{"rendered":"Navia Sp. z o.o. jest polsk\u0105 firm\u0105 specjalizuj\u0105c\u0105 si\u0119 w szeroko poj\u0119tych pracach stoczniowych. Zakres wykonywanych us\u0142ug obejmuje m.in. prace remontowe, konserwacyjne oraz naprawcze jednostek p\u0142ywaj\u0105cych wszelkiego typu, zar\u00f3wno w kraju jak i za granic\u0105. Wykszta\u0142cenie techniczne, liczne kursy i szkolenia, wieloletnie do\u015bwiadczenie w bran\u017cy morskiej, a tak\u017ce sta\u0142a ch\u0119\u0107 rozwoju i podnoszenia kwalifikacji w\u015br\u00f3d&#8230; <a class=\"view-article\" href=\"https:\/\/www.naviaship.eu\/pl\/o-nas\/\">Zobacz ca\u0142o\u015b\u0107<\/a>","protected":false},"author":2,"featured_media":0,"parent":0,"menu_order":0,"comment_status":"closed","ping_status":"open","template":"","meta":{"footnotes":""},"class_list":["post-67","page","type-page","status-publish","hentry"],"yoast_head":"<!-- This site is optimized with the Yoast SEO plugin v24.3 - https:\/\/yoast.com\/wordpress\/plugins\/seo\/ -->\n<title>Navia Sp. z o.o. \u2013 ship refit, maintenance and repair.<\/title>\n<meta name=\"robots\" content=\"index, follow, max-snippet:-1, max-image-preview:large, max-video-preview:-1\" \/>\n<link rel=\"canonical\" href=\"https:\/\/www.naviaship.eu\/no\/\" \/>\n<meta property=\"og:locale\" content=\"pl_PL\" \/>\n<meta property=\"og:type\" content=\"article\" \/>\n<meta property=\"og:title\" content=\"Navia Sp. z o.o. \u2013 ship refit, maintenance and repair.\" \/>\n<meta property=\"og:description\" content=\"Navia Sp. z o.o. jest polsk\u0105 firm\u0105 specjalizuj\u0105c\u0105 si\u0119 w szeroko poj\u0119tych pracach stoczniowych. Zakres wykonywanych us\u0142ug obejmuje m.in. prace remontowe, konserwacyjne oraz naprawcze jednostek p\u0142ywaj\u0105cych wszelkiego typu, zar\u00f3wno w kraju jak i za granic\u0105. Wykszta\u0142cenie techniczne, liczne kursy i szkolenia, wieloletnie do\u015bwiadczenie w bran\u017cy morskiej, a tak\u017ce sta\u0142a ch\u0119\u0107 rozwoju i podnoszenia kwalifikacji w\u015br\u00f3d... Zobacz ca\u0142o\u015b\u0107\" \/>\n<meta property=\"og:url\" content=\"https:\/\/www.naviaship.eu\/no\/\" \/>\n<meta property=\"og:site_name\" content=\"Navia Sp. z o.o. - Remonty statk&oacute;w, naprawa jacht&oacute;w Gdynia\" \/>\n<meta property=\"article:modified_time\" content=\"2015-08-24T08:19:13+00:00\" \/>\n<meta property=\"og:image\" content=\"http:\/\/naviaship.eu\/wp-content\/uploads\/2014\/11\/logo-250x156.png\" \/>\n<meta name=\"twitter:label1\" content=\"Est. reading time\" \/>\n\t<meta name=\"twitter:data1\" content=\"1 minuta\" \/>\n<script type=\"application\/ld+json\" class=\"yoast-schema-graph\">{\"@context\":\"https:\/\/schema.org\",\"@graph\":[{\"@type\":\"WebPage\",\"@id\":\"https:\/\/www.naviaship.eu\/no\/\",\"url\":\"https:\/\/www.naviaship.eu\/no\/\",\"name\":\"Navia Sp. z o.o. \u2013 ship refit, maintenance and repair.\",\"isPartOf\":{\"@id\":\"https:\/\/www.naviaship.eu\/no\/#website\"},\"primaryImageOfPage\":{\"@id\":\"https:\/\/www.naviaship.eu\/no\/#primaryimage\"},\"image\":{\"@id\":\"https:\/\/www.naviaship.eu\/no\/#primaryimage\"},\"thumbnailUrl\":\"http:\/\/naviaship.eu\/wp-content\/uploads\/2014\/11\/logo-250x156.png\",\"datePublished\":\"2014-11-15T15:09:31+00:00\",\"dateModified\":\"2015-08-24T08:19:13+00:00\",\"breadcrumb\":{\"@id\":\"https:\/\/www.naviaship.eu\/no\/#breadcrumb\"},\"inLanguage\":\"pl-PL\",\"potentialAction\":[{\"@type\":\"ReadAction\",\"target\":[\"https:\/\/www.naviaship.eu\/no\/\"]}]},{\"@type\":\"ImageObject\",\"inLanguage\":\"pl-PL\",\"@id\":\"https:\/\/www.naviaship.eu\/no\/#primaryimage\",\"url\":\"http:\/\/naviaship.eu\/wp-content\/uploads\/2014\/11\/logo-250x156.png\",\"contentUrl\":\"http:\/\/naviaship.eu\/wp-content\/uploads\/2014\/11\/logo-250x156.png\"},{\"@type\":\"BreadcrumbList\",\"@id\":\"https:\/\/www.naviaship.eu\/no\/#breadcrumb\",\"itemListElement\":[{\"@type\":\"ListItem\",\"position\":1,\"name\":\"Strona g\u0142\u00f3wna\",\"item\":\"https:\/\/www.naviaship.eu\/no\/\"},{\"@type\":\"ListItem\",\"position\":2,\"name\":\"Om oss\"}]},{\"@type\":\"WebSite\",\"@id\":\"https:\/\/www.naviaship.eu\/no\/#website\",\"url\":\"https:\/\/www.naviaship.eu\/no\/\",\"name\":\"Navia Sp. z o.o. - Remonty statk&oacute;w, naprawa jacht&oacute;w Gdynia\",\"description\":\"Strona internetowa firmy stoczniowej Navia Sp. z o.o. - Remonty statk&oacute;w i jacht&oacute;w, prace konserwacyjno-remontowe jednostek p\u0142ywaj\u0105cych\",\"potentialAction\":[{\"@type\":\"SearchAction\",\"target\":{\"@type\":\"EntryPoint\",\"urlTemplate\":\"https:\/\/www.naviaship.eu\/no\/?s={search_term_string}\"},\"query-input\":{\"@type\":\"PropertyValueSpecification\",\"valueRequired\":true,\"valueName\":\"search_term_string\"}}],\"inLanguage\":\"pl-PL\"}]}<\/script>\n<!-- \/ Yoast SEO plugin. -->","yoast_head_json":{"title":"Navia Sp. z o.o. \u2013 ship refit, maintenance and repair.","robots":{"index":"index","follow":"follow","max-snippet":"max-snippet:-1","max-image-preview":"max-image-preview:large","max-video-preview":"max-video-preview:-1"},"canonical":"https:\/\/www.naviaship.eu\/no\/","og_locale":"pl_PL","og_type":"article","og_title":"Navia Sp. z o.o. \u2013 ship refit, maintenance and repair.","og_description":"Navia Sp. z o.o. jest polsk\u0105 firm\u0105 specjalizuj\u0105c\u0105 si\u0119 w szeroko poj\u0119tych pracach stoczniowych. Zakres wykonywanych us\u0142ug obejmuje m.in. prace remontowe, konserwacyjne oraz naprawcze jednostek p\u0142ywaj\u0105cych wszelkiego typu, zar\u00f3wno w kraju jak i za granic\u0105. Wykszta\u0142cenie techniczne, liczne kursy i szkolenia, wieloletnie do\u015bwiadczenie w bran\u017cy morskiej, a tak\u017ce sta\u0142a ch\u0119\u0107 rozwoju i podnoszenia kwalifikacji w\u015br\u00f3d... Zobacz ca\u0142o\u015b\u0107","og_url":"https:\/\/www.naviaship.eu\/no\/","og_site_name":"Navia Sp. z o.o. - Remonty statk&oacute;w, naprawa jacht&oacute;w Gdynia","article_modified_time":"2015-08-24T08:19:13+00:00","og_image":[{"url":"http:\/\/naviaship.eu\/wp-content\/uploads\/2014\/11\/logo-250x156.png","type":"","width":"","height":""}],"twitter_misc":{"Est. reading time":"1 minuta"},"schema":{"@context":"https:\/\/schema.org","@graph":[{"@type":"WebPage","@id":"https:\/\/www.naviaship.eu\/no\/","url":"https:\/\/www.naviaship.eu\/no\/","name":"Navia Sp. z o.o. \u2013 ship refit, maintenance and repair.","isPartOf":{"@id":"https:\/\/www.naviaship.eu\/no\/#website"},"primaryImageOfPage":{"@id":"https:\/\/www.naviaship.eu\/no\/#primaryimage"},"image":{"@id":"https:\/\/www.naviaship.eu\/no\/#primaryimage"},"thumbnailUrl":"http:\/\/naviaship.eu\/wp-content\/uploads\/2014\/11\/logo-250x156.png","datePublished":"2014-11-15T15:09:31+00:00","dateModified":"2015-08-24T08:19:13+00:00","breadcrumb":{"@id":"https:\/\/www.naviaship.eu\/no\/#breadcrumb"},"inLanguage":"pl-PL","potentialAction":[{"@type":"ReadAction","target":["https:\/\/www.naviaship.eu\/no\/"]}]},{"@type":"ImageObject","inLanguage":"pl-PL","@id":"https:\/\/www.naviaship.eu\/no\/#primaryimage","url":"http:\/\/naviaship.eu\/wp-content\/uploads\/2014\/11\/logo-250x156.png","contentUrl":"http:\/\/naviaship.eu\/wp-content\/uploads\/2014\/11\/logo-250x156.png"},{"@type":"BreadcrumbList","@id":"https:\/\/www.naviaship.eu\/no\/#breadcrumb","itemListElement":[{"@type":"ListItem","position":1,"name":"Strona g\u0142\u00f3wna","item":"https:\/\/www.naviaship.eu\/no\/"},{"@type":"ListItem","position":2,"name":"Om oss"}]},{"@type":"WebSite","@id":"https:\/\/www.naviaship.eu\/no\/#website","url":"https:\/\/www.naviaship.eu\/no\/","name":"Navia Sp. z o.o. - Remonty statk&oacute;w, naprawa jacht&oacute;w Gdynia","description":"Strona internetowa firmy stoczniowej Navia Sp. z o.o. - Remonty statk&oacute;w i jacht&oacute;w, prace konserwacyjno-remontowe jednostek p\u0142ywaj\u0105cych","potentialAction":[{"@type":"SearchAction","target":{"@type":"EntryPoint","urlTemplate":"https:\/\/www.naviaship.eu\/no\/?s={search_term_string}"},"query-input":{"@type":"PropertyValueSpecification","valueRequired":true,"valueName":"search_term_string"}}],"inLanguage":"pl-PL"}]}},"_links":{"self":[{"href":"https:\/\/www.naviaship.eu\/pl\/wp-json\/wp\/v2\/pages\/67","targetHints":{"allow":["GET"]}}],"collection":[{"href":"https:\/\/www.naviaship.eu\/pl\/wp-json\/wp\/v2\/pages"}],"about":[{"href":"https:\/\/www.naviaship.eu\/pl\/wp-json\/wp\/v2\/types\/page"}],"author":[{"embeddable":true,"href":"https:\/\/www.naviaship.eu\/pl\/wp-json\/wp\/v2\/users\/2"}],"replies":[{"embeddable":true,"href":"https:\/\/www.naviaship.eu\/pl\/wp-json\/wp\/v2\/comments?post=67"}],"version-history":[{"count":32,"href":"https:\/\/www.naviaship.eu\/pl\/wp-json\/wp\/v2\/pages\/67\/revisions"}],"predecessor-version":[{"id":347,"href":"https:\/\/www.naviaship.eu\/pl\/wp-json\/wp\/v2\/pages\/67\/revisions\/347"}],"wp:attachment":[{"href":"https:\/\/www.naviaship.eu\/pl\/wp-json\/wp\/v2\/media?parent=67"}],"curies":[{"name":"wp","href":"https:\/\/api.w.org\/{rel}","templated":true}]}}